{"id":501,"date":"2024-10-24T21:19:06","date_gmt":"2024-10-24T21:19:06","guid":{"rendered":"https:\/\/maditech-lock.de\/contact\/"},"modified":"2025-10-19T22:53:01","modified_gmt":"2025-10-19T22:53:01","slug":"kontaktieren-sie-uns","status":"publish","type":"page","link":"https:\/\/maditech-lock.de\/en\/kontaktieren-sie-uns\/","title":{"rendered":"Contact"},"content":{"rendered":"<div class=\"wp-block-uagb-container uagb-block-ffc1542d alignfull uagb-is-root-container\"><div class=\"uagb-container-inner-blocks-wrap\">\n<div class=\"wp-block-uagb-advanced-heading uagb-block-bdd64c41\"><h1 class=\"uagb-heading-text\">Contact us<\/h1><\/div>\n\n\n\n<hr class=\"wp-block-separator has-alpha-channel-opacity is-style-dots\" style=\"margin-top:var(--wp--preset--spacing--80);margin-bottom:var(--wp--preset--spacing--80)\"\/>\n<\/div><\/div>\n\n\n\n<div class=\"wp-block-uagb-container uagb-block-7dc9cc23 alignfull uagb-is-root-container\"><div class=\"uagb-container-inner-blocks-wrap\">\n<div class=\"wp-block-uagb-info-box uagb-block-7631e7c5 uagb-infobox__content-wrap  uagb-infobox-icon-above-title uagb-infobox-image-valign-top\"><div class=\"uagb-ifb-content\"><div class=\"uagb-ifb-title-wrap\"><h3 class=\"uagb-ifb-title-prefix\">MADITECH<\/h3><h2 class=\"uagb-ifb-title\">Contact details<\/h2><\/div><\/div><\/div>\n\n\n\n<p class=\"has-medium-font-size\">We\u2019d love to hear from you! Reach out to the MADITECH team for more information\nabout our advanced bicycle security systems, to discuss potential business\ncollaborations, or if you have any questions.<\/p>\n\n\n\n<div class=\"wp-block-uagb-container uagb-block-d6700654\">\n<div class=\"wp-block-uagb-container uagb-block-1fff6dde\">\n<div class=\"wp-block-uagb-info-box uagb-block-07800ba7 uagb-infobox__content-wrap  uagb-infobox-icon-above-title uagb-infobox-image-valign-top\"><div class=\"uagb-ifb-content\"><div class=\"uagb-ifb-title-wrap\"><h4 class=\"uagb-ifb-title\">Address:<\/h4><\/div><p class=\"uagb-ifb-desc\">Freiburg im Breisgau<br>Germany<\/p><\/div><\/div>\n\n\n\n<div class=\"wp-block-uagb-info-box uagb-block-143bef5b uagb-infobox__content-wrap  uagb-infobox-icon-above-title uagb-infobox-image-valign-top\"><div class=\"uagb-ifb-content\"><div class=\"uagb-ifb-title-wrap\"><h4 class=\"uagb-ifb-title\">Email:&nbsp;<\/h4><\/div><p class=\"uagb-ifb-desc\">info@maditech-lock.de<\/p><\/div><\/div>\n<\/div>\n\n\n\n<div class=\"wp-block-uagb-forms uagb-forms__outer-wrap uagb-block-f194af61 uagb-forms__medium-btn\"><form class=\"uagb-forms-main-form\" method=\"post\" autocomplete=\"on\" name=\"uagb-form-f194af61\" action=\"\">\n<div class=\"wp-block-uagb-forms-name uagb-forms-name-wrap uagb-forms-field-set uagb-block-321581bb\"><div class=\"uagb-forms-name-label required uagb-forms-input-label\" id=\"321581bb\">First Name<\/div><input type=\"text\" placeholder=\"Enter your name\" required class=\"uagb-forms-name-input uagb-forms-input\" name=\"321581bb\" autocomplete=\"given-name\"\/><\/div>\n\n\n\n<div class=\"wp-block-uagb-forms-email uagb-forms-email-wrap uagb-forms-field-set uagb-block-abf35013\"><div class=\"uagb-forms-email-label  uagb-forms-input-label\" id=\"abf35013\">Email<\/div><input type=\"email\" class=\"uagb-forms-email-input uagb-forms-input\" placeholder=\"Enter your email address\" name=\"abf35013\" autocomplete=\"email\"\/><\/div>\n\n\n\n<div class=\"wp-block-uagb-forms-name uagb-forms-name-wrap uagb-forms-field-set uagb-block-27b5b314\"><div class=\"uagb-forms-name-label  uagb-forms-input-label\" id=\"27b5b314\">Name<\/div><input type=\"text\" placeholder=\"Subject\" class=\"uagb-forms-name-input uagb-forms-input\" name=\"27b5b314\" autocomplete=\"name\"\/><\/div>\n\n\n\n<div class=\"wp-block-uagb-forms-textarea uagb-forms-textarea-wrap uagb-forms-field-set uagb-block-594d3730\"><div class=\"uagb-forms-textarea-label required uagb-forms-input-label\" id=\"594d3730\">Message<\/div><textarea required class=\"uagb-forms-textarea-input uagb-forms-input\" rows=\"4\" placeholder=\"Message\" name=\"594d3730\" autocomplete=\"off\"><\/textarea><\/div>\n<div class=\"uagb-forms-form-hidden-data\"><input type=\"hidden\" class=\"uagb_forms_form_label\" value=\"Spectra Form\"\/><input type=\"hidden\" class=\"uagb_forms_form_id\" value=\"uagb-form-f194af61\"\/><\/div><div class=\"uagb-form-reacaptcha-error-f194af61\"><\/div><div class=\"uagb-forms-main-submit-button-wrap wp-block-button\"><button class=\"uagb-forms-main-submit-button wp-block-button__link\"><div class=\"uagb-forms-main-submit-button-text\">send<\/div><\/button><\/div><input type=\"hidden\" name=\"trp-form-language\" value=\"en\"\/><\/form><div class=\"uagb-forms-success-message-f194af61 uagb-forms-submit-message-hide\"><span>The form has been submitted successfully!<\/span><\/div><div class=\"uagb-forms-failed-message-f194af61 uagb-forms-submit-message-hide\"><span>There has been some error while submitting the form. Please verify all form fields again.<\/span><\/div><\/div>\n<\/div>\n\n\n\n<p class=\"has-medium-font-size\"><strong>Join the Conversation<\/strong><br>We invite potential business partners and investors to connect with us and take part in\nshaping a safer and more sustainable bicycle industry. Together, we can revolutionize\nthe cycling world.<\/p>\n\n\n\n<p class=\"has-medium-font-size\"><em>Thank you for your interest in MADITECH!<\/em><\/p>\n\n\n\n<div class=\"wp-block-uagb-separator uagb-block-de79fc0a\"><div class=\"wp-block-uagb-separator__inner\" style=\"--my-background-image:\"><\/div><\/div>\n<\/div><\/div>","protected":false},"excerpt":{"rendered":"<p>Kontaktieren Sie uns Wir w\u00fcrden uns freuen, von Ihnen zu h\u00f6ren! Kontaktieren Sie das MADITECH &#8211; Team f\u00fcr weitere Informationen \u00fcber MADITECH und unsere fortschrittlichen Fahrradsicherheitssysteme, um eine gesch\u00e4ftliche Zusammenarbeit zu besprechen, oder bei Fragen. Beteiligen Sie sich an der KonversationWir laden potenzielle Gesch\u00e4ftspartner und Investoren ein, sich mit uns in Verbindung zu setzen und [&hellip;]<\/p>","protected":false},"author":1,"featured_media":0,"parent":0,"menu_order":0,"comment_status":"closed","ping_status":"closed","template":"","meta":{"_uag_custom_page_level_css":"","site-sidebar-layout":"no-sidebar","site-content-layout":"plain-container","ast-site-content-layout":"normal-width-container","site-content-style":"unboxed","site-sidebar-style":"unboxed","ast-global-header-display":"","ast-banner-title-visibility":"","ast-main-header-display":"","ast-hfb-above-header-display":"","ast-hfb-below-header-display":"","ast-hfb-mobile-header-display":"","site-post-title":"disabled","ast-breadcrumbs-content":"","ast-featured-img":"disabled","footer-sml-layout":"","theme-transparent-header-meta":"enabled","adv-header-id-meta":"","stick-header-meta":"","header-above-stick-meta":"","header-main-stick-meta":"","header-below-stick-meta":"","astra-migrate-meta-layouts":"set","ast-page-background-enabled":"default","ast-page-background-meta":{"desktop":{"background-color":"var(--ast-global-color-4)","background-image":"","background-repeat":"repeat","background-position":"center center","background-size":"auto","background-attachment":"scroll","background-type":"","background-media":"","overlay-type":"","overlay-color":"","overlay-opacity":"","overlay-gradient":""},"tablet":{"background-color":"","background-image":"","background-repeat":"repeat","background-position":"center center","background-size":"auto","background-attachment":"scroll","background-type":"","background-media":"","overlay-type":"","overlay-color":"","overlay-opacity":"","overlay-gradient":""},"mobile":{"background-color":"","background-image":"","background-repeat":"repeat","background-position":"center center","background-size":"auto","background-attachment":"scroll","background-type":"","background-media":"","overlay-type":"","overlay-color":"","overlay-opacity":"","overlay-gradient":""}},"ast-content-background-meta":{"desktop":{"background-color":"var(--ast-global-color-5)","background-image":"","background-repeat":"repeat","background-position":"center center","background-size":"auto","background-attachment":"scroll","background-type":"","background-media":"","overlay-type":"","overlay-color":"","overlay-opacity":"","overlay-gradient":""},"tablet":{"background-color":"var(--ast-global-color-5)","background-image":"","background-repeat":"repeat","background-position":"center center","background-size":"auto","background-attachment":"scroll","background-type":"","background-media":"","overlay-type":"","overlay-color":"","overlay-opacity":"","overlay-gradient":""},"mobile":{"background-color":"var(--ast-global-color-5)","background-image":"","background-repeat":"repeat","background-position":"center center","background-size":"auto","background-attachment":"scroll","background-type":"","background-media":"","overlay-type":"","overlay-color":"","overlay-opacity":"","overlay-gradient":""}},"footnotes":""},"class_list":["post-501","page","type-page","status-publish","hentry"],"yoast_head":"<!-- This site is optimized with the Yoast SEO plugin v26.1.1 - https:\/\/yoast.com\/wordpress\/plugins\/seo\/ -->\n<title>Kontakt - Maditech<\/title>\n<meta name=\"description\" content=\"Kontaktieren Sie uns - Marinko Divkovic; Max-Josef-Metzger-Str. 15\u00a079111 Freiburg; + 4917660972674; info@maditech-lock.de\" \/>\n<meta name=\"robots\" content=\"index, follow, max-snippet:-1, max-image-preview:large, max-video-preview:-1\" \/>\n<link rel=\"canonical\" href=\"https:\/\/maditech-lock.de\/en\/kontaktieren-sie-uns\/\" \/>\n<meta property=\"og:locale\" content=\"en_US\" \/>\n<meta property=\"og:type\" content=\"article\" \/>\n<meta property=\"og:title\" content=\"Kontakt - Maditech\" \/>\n<meta property=\"og:description\" content=\"Kontaktieren Sie uns - Marinko Divkovic; Max-Josef-Metzger-Str. 15\u00a079111 Freiburg; + 4917660972674; info@maditech-lock.de\" \/>\n<meta property=\"og:url\" content=\"https:\/\/maditech-lock.de\/en\/kontaktieren-sie-uns\/\" \/>\n<meta property=\"og:site_name\" content=\"Maditech\" \/>\n<meta property=\"article:modified_time\" content=\"2025-10-19T22:53:01+00:00\" \/>\n<meta name=\"twitter:card\" content=\"summary_large_image\" \/>\n<meta name=\"twitter:label1\" content=\"Est. reading time\" \/>\n\t<meta name=\"twitter:data1\" content=\"1 minute\" \/>\n<script type=\"application\/ld+json\" class=\"yoast-schema-graph\">{\"@context\":\"https:\/\/schema.org\",\"@graph\":[{\"@type\":\"WebPage\",\"@id\":\"https:\/\/maditech-lock.de\/kontaktieren-sie-uns\/\",\"url\":\"https:\/\/maditech-lock.de\/kontaktieren-sie-uns\/\",\"name\":\"Kontakt - Maditech\",\"isPartOf\":{\"@id\":\"https:\/\/maditech-lock.de\/#website\"},\"datePublished\":\"2024-10-24T21:19:06+00:00\",\"dateModified\":\"2025-10-19T22:53:01+00:00\",\"description\":\"Kontaktieren Sie uns - Marinko Divkovic; Max-Josef-Metzger-Str. 15\u00a079111 Freiburg; + 4917660972674; info@maditech-lock.de\",\"breadcrumb\":{\"@id\":\"https:\/\/maditech-lock.de\/kontaktieren-sie-uns\/#breadcrumb\"},\"inLanguage\":\"en-US\",\"potentialAction\":[{\"@type\":\"ReadAction\",\"target\":[\"https:\/\/maditech-lock.de\/kontaktieren-sie-uns\/\"]}]},{\"@type\":\"BreadcrumbList\",\"@id\":\"https:\/\/maditech-lock.de\/kontaktieren-sie-uns\/#breadcrumb\",\"itemListElement\":[{\"@type\":\"ListItem\",\"position\":1,\"name\":\"Home\",\"item\":\"https:\/\/maditech-lock.de\/\"},{\"@type\":\"ListItem\",\"position\":2,\"name\":\"Kontakt\"}]},{\"@type\":\"WebSite\",\"@id\":\"https:\/\/maditech-lock.de\/#website\",\"url\":\"https:\/\/maditech-lock.de\/\",\"name\":\"Maditech\",\"description\":\"DAS NEUE FAHRRAD LENKERSCHLOSS\",\"publisher\":{\"@id\":\"https:\/\/maditech-lock.de\/#organization\"},\"potentialAction\":[{\"@type\":\"SearchAction\",\"target\":{\"@type\":\"EntryPoint\",\"urlTemplate\":\"https:\/\/maditech-lock.de\/?s={search_term_string}\"},\"query-input\":{\"@type\":\"PropertyValueSpecification\",\"valueRequired\":true,\"valueName\":\"search_term_string\"}}],\"inLanguage\":\"en-US\"},{\"@type\":\"Organization\",\"@id\":\"https:\/\/maditech-lock.de\/#organization\",\"name\":\"Maditech\",\"url\":\"https:\/\/maditech-lock.de\/\",\"logo\":{\"@type\":\"ImageObject\",\"inLanguage\":\"en-US\",\"@id\":\"https:\/\/maditech-lock.de\/#\/schema\/logo\/image\/\",\"url\":\"https:\/\/maditech-lock.de\/wp-content\/uploads\/2025\/10\/Logo-Weiss-3-1.png\",\"contentUrl\":\"https:\/\/maditech-lock.de\/wp-content\/uploads\/2025\/10\/Logo-Weiss-3-1.png\",\"width\":883,\"height\":191,\"caption\":\"Maditech\"},\"image\":{\"@id\":\"https:\/\/maditech-lock.de\/#\/schema\/logo\/image\/\"}}]}<\/script>\n<!-- \/ Yoast SEO plugin. -->","yoast_head_json":{"title":"Kontakt - Maditech","description":"Kontaktieren Sie uns - Marinko Divkovic; Max-Josef-Metzger-Str. 15\u00a079111 Freiburg; + 4917660972674; info@maditech-lock.de","robots":{"index":"index","follow":"follow","max-snippet":"max-snippet:-1","max-image-preview":"max-image-preview:large","max-video-preview":"max-video-preview:-1"},"canonical":"https:\/\/maditech-lock.de\/en\/kontaktieren-sie-uns\/","og_locale":"en_US","og_type":"article","og_title":"Kontakt - Maditech","og_description":"Kontaktieren Sie uns - Marinko Divkovic; Max-Josef-Metzger-Str. 15\u00a079111 Freiburg; + 4917660972674; info@maditech-lock.de","og_url":"https:\/\/maditech-lock.de\/en\/kontaktieren-sie-uns\/","og_site_name":"Maditech","article_modified_time":"2025-10-19T22:53:01+00:00","twitter_card":"summary_large_image","twitter_misc":{"Est. reading time":"1 minute"},"schema":{"@context":"https:\/\/schema.org","@graph":[{"@type":"WebPage","@id":"https:\/\/maditech-lock.de\/kontaktieren-sie-uns\/","url":"https:\/\/maditech-lock.de\/kontaktieren-sie-uns\/","name":"Kontakt - Maditech","isPartOf":{"@id":"https:\/\/maditech-lock.de\/#website"},"datePublished":"2024-10-24T21:19:06+00:00","dateModified":"2025-10-19T22:53:01+00:00","description":"Kontaktieren Sie uns - Marinko Divkovic; Max-Josef-Metzger-Str. 15\u00a079111 Freiburg; + 4917660972674; info@maditech-lock.de","breadcrumb":{"@id":"https:\/\/maditech-lock.de\/kontaktieren-sie-uns\/#breadcrumb"},"inLanguage":"en-US","potentialAction":[{"@type":"ReadAction","target":["https:\/\/maditech-lock.de\/kontaktieren-sie-uns\/"]}]},{"@type":"BreadcrumbList","@id":"https:\/\/maditech-lock.de\/kontaktieren-sie-uns\/#breadcrumb","itemListElement":[{"@type":"ListItem","position":1,"name":"Home","item":"https:\/\/maditech-lock.de\/"},{"@type":"ListItem","position":2,"name":"Kontakt"}]},{"@type":"WebSite","@id":"https:\/\/maditech-lock.de\/#website","url":"https:\/\/maditech-lock.de\/","name":"Maditech","description":"THE NEW BIKE HANDLEBAR LOCK","publisher":{"@id":"https:\/\/maditech-lock.de\/#organization"},"potentialAction":[{"@type":"SearchAction","target":{"@type":"EntryPoint","urlTemplate":"https:\/\/maditech-lock.de\/?s={search_term_string}"},"query-input":{"@type":"PropertyValueSpecification","valueRequired":true,"valueName":"search_term_string"}}],"inLanguage":"en-US"},{"@type":"Organization","@id":"https:\/\/maditech-lock.de\/#organization","name":"Maditech","url":"https:\/\/maditech-lock.de\/","logo":{"@type":"ImageObject","inLanguage":"en-US","@id":"https:\/\/maditech-lock.de\/#\/schema\/logo\/image\/","url":"https:\/\/maditech-lock.de\/wp-content\/uploads\/2025\/10\/Logo-Weiss-3-1.png","contentUrl":"https:\/\/maditech-lock.de\/wp-content\/uploads\/2025\/10\/Logo-Weiss-3-1.png","width":883,"height":191,"caption":"Maditech"},"image":{"@id":"https:\/\/maditech-lock.de\/#\/schema\/logo\/image\/"}}]}},"uagb_featured_image_src":{"full":false,"thumbnail":false,"medium":false,"medium_large":false,"large":false,"1536x1536":false,"2048x2048":false,"trp-custom-language-flag":false},"uagb_author_info":{"display_name":"Administrator","author_link":"https:\/\/maditech-lock.de\/en\/author\/admin\/"},"uagb_comment_info":0,"uagb_excerpt":"Kontaktieren Sie uns Wir w\u00fcrden uns freuen, von Ihnen zu h\u00f6ren! Kontaktieren Sie das MADITECH &#8211; Team f\u00fcr weitere Informationen \u00fcber MADITECH und unsere fortschrittlichen Fahrradsicherheitssysteme, um eine gesch\u00e4ftliche Zusammenarbeit zu besprechen, oder bei Fragen. Beteiligen Sie sich an der KonversationWir laden potenzielle Gesch\u00e4ftspartner und Investoren ein, sich mit uns in Verbindung zu setzen und&hellip;","_links":{"self":[{"href":"https:\/\/maditech-lock.de\/en\/wp-json\/wp\/v2\/pages\/501","targetHints":{"allow":["GET"]}}],"collection":[{"href":"https:\/\/maditech-lock.de\/en\/wp-json\/wp\/v2\/pages"}],"about":[{"href":"https:\/\/maditech-lock.de\/en\/wp-json\/wp\/v2\/types\/page"}],"author":[{"embeddable":true,"href":"https:\/\/maditech-lock.de\/en\/wp-json\/wp\/v2\/users\/1"}],"replies":[{"embeddable":true,"href":"https:\/\/maditech-lock.de\/en\/wp-json\/wp\/v2\/comments?post=501"}],"version-history":[{"count":23,"href":"https:\/\/maditech-lock.de\/en\/wp-json\/wp\/v2\/pages\/501\/revisions"}],"predecessor-version":[{"id":14018,"href":"https:\/\/maditech-lock.de\/en\/wp-json\/wp\/v2\/pages\/501\/revisions\/14018"}],"wp:attachment":[{"href":"https:\/\/maditech-lock.de\/en\/wp-json\/wp\/v2\/media?parent=501"}],"curies":[{"name":"wp","href":"https:\/\/api.w.org\/{rel}","templated":true}]}}