{"id":499,"date":"2024-10-24T21:19:06","date_gmt":"2024-10-24T21:19:06","guid":{"rendered":"https:\/\/maditech-lock.de\/about\/"},"modified":"2025-10-19T22:50:50","modified_gmt":"2025-10-19T22:50:50","slug":"ueber-uns","status":"publish","type":"page","link":"https:\/\/maditech-lock.de\/en\/ueber-uns\/","title":{"rendered":"About Us"},"content":{"rendered":"<div class=\"wp-block-uagb-container uagb-block-37fe9e23 alignfull uagb-is-root-container\"><div class=\"uagb-container-inner-blocks-wrap\">\n<div class=\"wp-block-uagb-advanced-heading uagb-block-d36b578f\"><h1 class=\"uagb-heading-text\">About Us<\/h1><\/div>\n<\/div><\/div>\n\n\n\n<div class=\"wp-block-uagb-container uagb-block-f80f4632 alignfull uagb-is-root-container\"><div class=\"uagb-container-inner-blocks-wrap\">\n<div class=\"wp-block-uagb-container uagb-block-745a4846\">\n<h2 class=\"wp-block-heading\">MADITECH Handlebar Lock \u2013 Patented Since 2022<\/h2>\n\n\n\n<p class=\"has-medium-font-size\">As more people embrace cycling as a safe and eco-friendly mode of transportation, the\nMADITECH handlebar lock provides the necessary security technology for modern\ncyclists. It paves the way for a future where everyone can park their bike with complete\npeace of mind.<\/p>\n<\/div>\n<\/div><\/div>\n\n\n\n<div class=\"wp-block-uagb-container uagb-block-8fe14de4 alignfull uagb-is-root-container\">\n<div class=\"wp-block-uagb-container uagb-block-a9df32cb\">\n<div class=\"wp-block-uagb-info-box uagb-block-95bb51ac uagb-infobox__content-wrap  uagb-infobox-icon-above-title uagb-infobox-image-valign-top\"><div class=\"uagb-ifb-content\"><div class=\"uagb-ifb-title-wrap\"><h4 class=\"uagb-ifb-title-prefix\">Sustainability<\/h4><h2 class=\"uagb-ifb-title\">A good bike lock must protect the bike from theft<\/h2><\/div><p class=\"uagb-ifb-desc\">MADITECH has developed a revolutionary handlebar lock that ensures top-tier bicycle\nsecurity while redefining the way cyclists protect their bikes. Designed for today\u2019s riders,\nit embodies quality and innovation, making cycling safer than ever.<br>We are excited about the potential for change and look forward to collaborating with like-\nminded partners who share our commitment to bicycle security and sustainability.\nTogether, we can transform the cycling industry to create a safer future for all.<br>Cycling should be an enjoyable experience, enhanced by efficient security solutions that\ndo not compromise rider comfort. We believe security should be both effective and\neffortless, allowing cyclists to ride without worry. The innovative MADITECH handlebar\nlock provides the protection cyclists need\u2014wherever they go.<\/p><div class=\"uagb-ifb-button-wrapper wp-block-button\"><a href=\"https:\/\/maditech-lock.de\/en\/contact\/\" class=\"uagb-infobox-cta-link wp-block-button__link\" target=\"_self\" rel=\"noopener noreferrer\" onclick=\"return true;\"><span class=\"uagb-inline-editing\">Contact us<\/span><\/a><\/div><\/div><\/div>\n<\/div>\n\n\n\n<div class=\"wp-block-uagb-container uagb-block-290b1d46\">\n<div class=\"wp-block-uagb-advanced-heading uagb-block-33642a4f\"><h3 class=\"uagb-heading-text\">MADITECH-Lock Handlebar Lock<\/h3><\/div>\n\n\n\n<div class=\"wp-block-uagb-icon-list uagb-block-2c5def50\"><div class=\"uagb-icon-list__wrap\">\n<div class=\"wp-block-uagb-icon-list-child uagb-block-6cc6b37f\"><span class=\"uagb-icon-list__source-wrap\"><svg xmlns=\"https:\/\/www.w3.org\/2000\/svg\" viewbox=\"0 0 512 512\"><path d=\"M331.8 224.1c28.29 0 54.88 10.99 74.86 30.97l19.59 19.59c40.01-17.74 71.25-53.3 81.62-96.65c5.725-23.92 5.34-47.08 .2148-68.4c-2.613-10.88-16.43-14.51-24.34-6.604l-68.9 68.9h-75.6V97.2l68.9-68.9c7.912-7.912 4.275-21.73-6.604-24.34c-21.32-5.125-44.48-5.51-68.4 .2148c-55.3 13.23-98.39 60.22-107.2 116.4C224.5 128.9 224.2 137 224.3 145l82.78 82.86C315.2 225.1 323.5 224.1 331.8 224.1zM384 278.6c-23.16-23.16-57.57-27.57-85.39-13.9L191.1 158L191.1 95.99l-127.1-95.99L0 63.1l96 127.1l62.04 .0077l106.7 106.6c-13.67 27.82-9.251 62.23 13.91 85.39l117 117.1c14.62 14.5 38.21 14.5 52.71-.0016l52.75-52.75c14.5-14.5 14.5-38.08-.0016-52.71L384 278.6zM227.9 307L168.7 247.9l-148.9 148.9c-26.37 26.37-26.37 69.08 0 95.45C32.96 505.4 50.21 512 67.5 512s34.54-6.592 47.72-19.78l119.1-119.1C225.5 352.3 222.6 329.4 227.9 307zM64 472c-13.25 0-24-10.75-24-24c0-13.26 10.75-24 24-24S88 434.7 88 448C88 461.3 77.25 472 64 472z\"><\/path><\/svg><\/span><span class=\"uagb-icon-list__label\">A New Vision for Bicycle Protection<\/span><\/div>\n\n\n\n<div class=\"wp-block-uagb-icon-list-child uagb-block-45421563\"><span class=\"uagb-icon-list__source-wrap\"><svg xmlns=\"https:\/\/www.w3.org\/2000\/svg\" viewbox=\"0 0 448 512\"><path d=\"M0 112C0 67.82 35.82 32 80 32H416C433.7 32 448 46.33 448 64C448 81.67 433.7 96 416 96H80C71.16 96 64 103.2 64 112V448C64 465.7 49.67 480 32 480C14.33 480 0 465.7 0 448V112zM128 480C110.3 480 96 465.7 96 448C96 430.3 110.3 416 128 416C145.7 416 160 430.3 160 448C160 465.7 145.7 480 128 480zM320 480C302.3 480 288 465.7 288 448C288 430.3 302.3 416 320 416C337.7 416 352 430.3 352 448C352 465.7 337.7 480 320 480zM256 448C256 465.7 241.7 480 224 480C206.3 480 192 465.7 192 448C192 430.3 206.3 416 224 416C241.7 416 256 430.3 256 448zM416 480C398.3 480 384 465.7 384 448C384 430.3 398.3 416 416 416C433.7 416 448 430.3 448 448C448 465.7 433.7 480 416 480zM416 288C398.3 288 384 273.7 384 256C384 238.3 398.3 224 416 224C433.7 224 448 238.3 448 256C448 273.7 433.7 288 416 288zM448 352C448 369.7 433.7 384 416 384C398.3 384 384 369.7 384 352C384 334.3 398.3 320 416 320C433.7 320 448 334.3 448 352zM416 192C398.3 192 384 177.7 384 160C384 142.3 398.3 128 416 128C433.7 128 448 142.3 448 160C448 177.7 433.7 192 416 192z\"><\/path><\/svg><\/span><span class=\"uagb-icon-list__label\">Seamless Frame Integration<\/span><\/div>\n\n\n\n<div class=\"wp-block-uagb-icon-list-child uagb-block-fdd0abe8\"><span class=\"uagb-icon-list__source-wrap\"><svg xmlns=\"https:\/\/www.w3.org\/2000\/svg\" viewbox=\"0 0 512 512\"><path d=\"M180.2 243.1C185 263.9 162.2 280.2 144.1 268.8L119.8 253.6l-50.9 81.43c-13.33 21.32 2.004 48.98 27.15 48.98h32.02c17.64 0 31.98 14.32 31.98 31.96c0 17.64-14.34 32.05-31.98 32.05H96.15c-75.36 0-121.3-82.84-81.47-146.8L65.51 219.8L41.15 204.5C23.04 193.1 27.66 165.5 48.48 160.7l91.43-21.15C148.5 137.7 157.2 142.9 159.2 151.6L180.2 243.1zM283.1 78.96l41.25 66.14l-24.25 15.08c-18.16 11.31-13.57 38.94 7.278 43.77l91.4 21.15c8.622 1.995 17.23-3.387 19.21-12.01l21.04-91.43c4.789-20.81-17.95-37.05-36.07-25.76l-24.36 15.2L337.4 45.14c-37.58-60.14-125.2-60.18-162.8-.0617L167.2 56.9C157.9 71.75 162.5 91.58 177.3 100.9c14.92 9.359 34.77 4.886 44.11-10.04l7.442-11.89C241.6 58.58 270.9 59.33 283.1 78.96zM497.3 301.3l-16.99-27.26c-9.336-14.98-29.06-19.56-44.04-10.21c-14.94 9.318-19.52 29.15-10.18 44.08l16.99 27.15c13.35 21.32-1.984 49-27.14 49h-95.99l.0234-28.74c0-21.38-25.85-32.09-40.97-16.97l-66.41 66.43c-6.222 6.223-6.222 16.41 .0044 22.63l66.42 66.34c15.12 15.1 40.95 4.386 40.95-16.98l-.0234-28.68h95.86C491.2 448.1 537.2 365.2 497.3 301.3z\"><\/path><\/svg><\/span><span class=\"uagb-icon-list__label\">High Security<\/span><\/div>\n\n\n\n<div class=\"wp-block-uagb-icon-list-child uagb-block-8f410358\"><span class=\"uagb-icon-list__source-wrap\"><svg xmlns=\"https:\/\/www.w3.org\/2000\/svg\" viewbox=\"0 0 576 512\"><path d=\"M528 0h-480C21.5 0 0 21.5 0 48v320C0 394.5 21.5 416 48 416h192L224 464H152C138.8 464 128 474.8 128 488S138.8 512 152 512h272c13.25 0 24-10.75 24-24s-10.75-24-24-24H352L336 416h192c26.5 0 48-21.5 48-48v-320C576 21.5 554.5 0 528 0zM512 288H64V64h448V288z\"><\/path><\/svg><\/span><span class=\"uagb-icon-list__label\">Lightweight &amp; Durable<\/span><\/div>\n\n\n\n<div class=\"wp-block-uagb-icon-list-child uagb-block-f7bd583c\"><span class=\"uagb-icon-list__source-wrap\"><svg xmlns=\"https:\/\/www.w3.org\/2000\/svg\" viewbox=\"0 0 384 512\"><path d=\"M384 312.7c-55.1 136.7-187.1 54-187.1 54-40.5 81.8-107.4 134.4-184.6 134.7-16.1 0-16.6-24.4 0-24.4 64.4-.3 120.5-42.7 157.2-110.1-41.1 15.9-118.6 27.9-161.6-82.2 109-44.9 159.1 11.2 178.3 45.5 9.9-24.4 17-50.9 21.6-79.7 0 0-139.7 21.9-149.5-98.1 119.1-47.9 152.6 76.7 152.6 76.7 1.6-16.7 3.3-52.6 3.3-53.4 0 0-106.3-73.7-38.1-165.2 124.6 43 61.4 162.4 61.4 162.4 .5 1.6 .5 23.8 0 33.4 0 0 45.2-89 136.4-57.5-4.2 134-141.9 106.4-141.9 106.4-4.4 27.4-11.2 53.4-20 77.5 0 0 83-91.8 172-20z\"><\/path><\/svg><\/span><span class=\"uagb-icon-list__label\">Quality &amp; Innovation<\/span><\/div>\n\n\n\n<div class=\"wp-block-uagb-icon-list-child uagb-block-a4400b15\"><span class=\"uagb-icon-list__source-wrap\"><svg xmlns=\"https:\/\/www.w3.org\/2000\/svg\" viewbox=\"0 0 512 512\"><path d=\"M256 224C238.4 224 223.1 238.4 223.1 256S238.4 288 256 288c17.63 0 32-14.38 32-32S273.6 224 256 224zM470.2 128c-10.88-19.5-40.51-50.75-116.3-41.88C332.4 34.88 299.6 0 256 0S179.6 34.88 158.1 86.12C82.34 77.38 52.71 108.5 41.83 128c-16.38 29.38-14.91 73.12 25.23 128c-40.13 54.88-41.61 98.63-25.23 128c29.13 52.38 101.6 43.63 116.3 41.88C179.6 477.1 212.4 512 256 512s76.39-34.88 97.9-86.13C368.5 427.6 441 436.4 470.2 384c16.38-29.38 14.91-73.13-25.23-128C485.1 201.1 486.5 157.4 470.2 128zM95.34 352c-4.001-7.25-.1251-24.75 15-48.25c6.876 6.5 14.13 12.87 21.88 19.12c1.625 13.75 4.001 27.13 6.751 40.13C114.3 363.9 99.09 358.6 95.34 352zM132.2 189.1C124.5 195.4 117.2 201.8 110.3 208.2C95.22 184.8 91.34 167.2 95.34 160c3.376-6.125 16.38-11.5 37.88-11.5c1.75 0 3.876 .375 5.751 .375C136.1 162.2 133.8 175.6 132.2 189.1zM256 64c9.502 0 22.25 13.5 33.88 37.25C278.6 105 267.4 109.3 256 114.1C244.6 109.3 233.4 105 222.1 101.2C233.7 77.5 246.5 64 256 64zM256 448c-9.502 0-22.25-13.5-33.88-37.25C233.4 407 244.6 402.7 256 397.9c11.38 4.875 22.63 9.135 33.88 12.89C278.3 434.5 265.5 448 256 448zM256 336c-44.13 0-80.02-35.88-80.02-80S211.9 176 256 176s80.02 35.88 80.02 80S300.1 336 256 336zM416.7 352c-3.626 6.625-19 11.88-43.63 11c2.751-12.1 5.126-26.38 6.751-40.13c7.752-6.25 15-12.63 21.88-19.12C416.8 327.2 420.7 344.8 416.7 352zM401.7 208.2c-6.876-6.5-14.13-12.87-21.88-19.12c-1.625-13.5-3.876-26.88-6.751-40.25c1.875 0 4.001-.375 5.751-.375c21.5 0 34.51 5.375 37.88 11.5C420.7 167.2 416.8 184.8 401.7 208.2z\"><\/path><\/svg><\/span><span class=\"uagb-icon-list__label\">The Perfect Blend of Security &amp; Style<\/span><\/div>\n<\/div><\/div>\n<\/div>\n<\/div>\n\n\n\n<div class=\"wp-block-uagb-container uagb-block-d4e95dd5 alignfull uagb-is-root-container\"><div class=\"uagb-container-inner-blocks-wrap\">\n<h2 class=\"wp-block-heading\" style=\"padding-top:var(--wp--preset--spacing--60);padding-bottom:var(--wp--preset--spacing--60)\">Why Choose the MADITECH Handlebar Lock?<\/h2>\n<\/div><\/div>\n\n\n\n<p><strong>Cutting-Edge Innovation<\/strong><br>The handlebar lock is a groundbreaking innovation in bicycle security. Its fully integrated\ndesign provides a high level of theft deterrence while remaining discreet and difficult to\ntamper with.<\/p>\n\n\n\n<p><strong>Fast &amp; Effortless Locking<\/strong><br>Securing your bike has never been easier with the MADITECH handlebar lock\u2014it takes\njust a few seconds. Say goodbye to bulky chains and complicated locks of the past; our\nhandlebar lock is simple and convenient.<\/p>\n\n\n\n<p><strong>Lightweight &amp; Strong<\/strong><br>Cyclists love lightweight bikes, and the MADITECH lock is no exception. Made from\ndurable materials, it keeps your bike secure without adding unnecessary weight while\nstill offering reliable protection.<\/p>\n\n\n\n<p><strong>Seamless Frame Integration<\/strong><br>The MADITECH bike lock is not just an accessory\u2014it becomes an integral part of your\nbicycle. This integration makes it impossible for thieves to tamper with or bypass, setting\na new standard for security.<\/p>\n\n\n\n<p><strong>Partner with Us<\/strong><br>At MADITECH, we do not sell our products directly through our website. Instead, we\nfocus on building relationships with business partners and investors who share our\nvision of secure and eco-friendly cycling. Our website and all published materials reflect\nour commitment to transforming the bicycle industry. We encourage like-minded\nindividuals to join our initiative and help create a safer world for cyclists.<\/p>\n\n\n\n<p><strong>Join Us on This Journey<\/strong><br>Come and be part of this exciting experience. Whether you are an investor or a strategic\npartner, we at MADITECH are committed to making innovative security a key player in\nthe bicycle market.<br>We invite all who resonate with our mission to join us in creating a\nsafer future for cyclists everywhere.<br><em>Experience the future of bicycle security with MADITECH\u2014where innovation meets\nsafety.<\/em>.<\/p>\n\n\n\n<hr class=\"wp-block-separator has-text-color has-alpha-channel-opacity has-background is-style-dots\" style=\"margin-top:var(--wp--preset--spacing--70);margin-bottom:var(--wp--preset--spacing--70);background-color:#ffffff03;color:#ffffff03\"\/>\n\n\n\n<p><\/p>","protected":false},"excerpt":{"rendered":"<p>\u00dcber uns MADITECH Fahrradlenkerschloss patentiert seit 2022 Im Einklang mit der zunehmenden Vorliebe vieler Menschen f\u00fcr das Fahrrad als sicheres, umweltfreundliches Verkehrsmittel bietet MADITECH Fahrradlenkerschloss die notwendige Sicherheitstechnologie f\u00fcr diese Radfahrer. Das MADITECH Fahrradlenkerschloss macht den Weg frei f\u00fcr eine Zukunft, in der jeder Mensch sein Fahrrad sorgenlos abstellen kann. MADITECH-Lock Fahrradlenkerschloss Warum MADITECH Lenkerschloss [&hellip;]<\/p>","protected":false},"author":1,"featured_media":0,"parent":0,"menu_order":0,"comment_status":"closed","ping_status":"closed","template":"","meta":{"_uag_custom_page_level_css":"","site-sidebar-layout":"no-sidebar","site-content-layout":"plain-container","ast-site-content-layout":"normal-width-container","site-content-style":"unboxed","site-sidebar-style":"unboxed","ast-global-header-display":"","ast-banner-title-visibility":"","ast-main-header-display":"","ast-hfb-above-header-display":"","ast-hfb-below-header-display":"","ast-hfb-mobile-header-display":"","site-post-title":"disabled","ast-breadcrumbs-content":"","ast-featured-img":"disabled","footer-sml-layout":"","theme-transparent-header-meta":"enabled","adv-header-id-meta":"","stick-header-meta":"","header-above-stick-meta":"","header-main-stick-meta":"","header-below-stick-meta":"","astra-migrate-meta-layouts":"set","ast-page-background-enabled":"default","ast-page-background-meta":{"desktop":{"background-color":"var(--ast-global-color-4)","background-image":"","background-repeat":"repeat","background-position":"center center","background-size":"auto","background-attachment":"scroll","background-type":"","background-media":"","overlay-type":"","overlay-color":"","overlay-opacity":"","overlay-gradient":""},"tablet":{"background-color":"","background-image":"","background-repeat":"repeat","background-position":"center center","background-size":"auto","background-attachment":"scroll","background-type":"","background-media":"","overlay-type":"","overlay-color":"","overlay-opacity":"","overlay-gradient":""},"mobile":{"background-color":"","background-image":"","background-repeat":"repeat","background-position":"center center","background-size":"auto","background-attachment":"scroll","background-type":"","background-media":"","overlay-type":"","overlay-color":"","overlay-opacity":"","overlay-gradient":""}},"ast-content-background-meta":{"desktop":{"background-color":"var(--ast-global-color-5)","background-image":"","background-repeat":"repeat","background-position":"center center","background-size":"auto","background-attachment":"scroll","background-type":"","background-media":"","overlay-type":"","overlay-color":"","overlay-opacity":"","overlay-gradient":""},"tablet":{"background-color":"var(--ast-global-color-5)","background-image":"","background-repeat":"repeat","background-position":"center center","background-size":"auto","background-attachment":"scroll","background-type":"","background-media":"","overlay-type":"","overlay-color":"","overlay-opacity":"","overlay-gradient":""},"mobile":{"background-color":"var(--ast-global-color-5)","background-image":"","background-repeat":"repeat","background-position":"center center","background-size":"auto","background-attachment":"scroll","background-type":"","background-media":"","overlay-type":"","overlay-color":"","overlay-opacity":"","overlay-gradient":""}},"footnotes":""},"class_list":["post-499","page","type-page","status-publish","hentry"],"yoast_head":"<!-- This site is optimized with the Yoast SEO plugin v26.1.1 - https:\/\/yoast.com\/wordpress\/plugins\/seo\/ -->\n<title>\u00dcber uns - Maditech<\/title>\n<meta name=\"description\" content=\"\u00dcber uns - Ein gutes Fahrradschloss muss das Fahrrad vor Diebstahl sch\u00fctzen - Nachhaltigkeit\" \/>\n<meta name=\"robots\" content=\"index, follow, max-snippet:-1, max-image-preview:large, max-video-preview:-1\" \/>\n<link rel=\"canonical\" href=\"https:\/\/maditech-lock.de\/en\/ueber-uns\/\" \/>\n<meta property=\"og:locale\" content=\"en_US\" \/>\n<meta property=\"og:type\" content=\"article\" \/>\n<meta property=\"og:title\" content=\"\u00dcber uns - Maditech\" \/>\n<meta property=\"og:description\" content=\"\u00dcber uns - Ein gutes Fahrradschloss muss das Fahrrad vor Diebstahl sch\u00fctzen - Nachhaltigkeit\" \/>\n<meta property=\"og:url\" content=\"https:\/\/maditech-lock.de\/en\/ueber-uns\/\" \/>\n<meta property=\"og:site_name\" content=\"Maditech\" \/>\n<meta property=\"article:modified_time\" content=\"2025-10-19T22:50:50+00:00\" \/>\n<meta name=\"twitter:card\" content=\"summary_large_image\" \/>\n<meta name=\"twitter:label1\" content=\"Est. reading time\" \/>\n\t<meta name=\"twitter:data1\" content=\"3 minutes\" \/>\n<script type=\"application\/ld+json\" class=\"yoast-schema-graph\">{\"@context\":\"https:\/\/schema.org\",\"@graph\":[{\"@type\":\"WebPage\",\"@id\":\"https:\/\/maditech-lock.de\/ueber-uns\/\",\"url\":\"https:\/\/maditech-lock.de\/ueber-uns\/\",\"name\":\"\u00dcber uns - Maditech\",\"isPartOf\":{\"@id\":\"https:\/\/maditech-lock.de\/#website\"},\"datePublished\":\"2024-10-24T21:19:06+00:00\",\"dateModified\":\"2025-10-19T22:50:50+00:00\",\"description\":\"\u00dcber uns - Ein gutes Fahrradschloss muss das Fahrrad vor Diebstahl sch\u00fctzen - Nachhaltigkeit\",\"breadcrumb\":{\"@id\":\"https:\/\/maditech-lock.de\/ueber-uns\/#breadcrumb\"},\"inLanguage\":\"en-US\",\"potentialAction\":[{\"@type\":\"ReadAction\",\"target\":[\"https:\/\/maditech-lock.de\/ueber-uns\/\"]}]},{\"@type\":\"BreadcrumbList\",\"@id\":\"https:\/\/maditech-lock.de\/ueber-uns\/#breadcrumb\",\"itemListElement\":[{\"@type\":\"ListItem\",\"position\":1,\"name\":\"Home\",\"item\":\"https:\/\/maditech-lock.de\/\"},{\"@type\":\"ListItem\",\"position\":2,\"name\":\"\u00dcber uns\"}]},{\"@type\":\"WebSite\",\"@id\":\"https:\/\/maditech-lock.de\/#website\",\"url\":\"https:\/\/maditech-lock.de\/\",\"name\":\"Maditech\",\"description\":\"DAS NEUE FAHRRAD LENKERSCHLOSS\",\"publisher\":{\"@id\":\"https:\/\/maditech-lock.de\/#organization\"},\"potentialAction\":[{\"@type\":\"SearchAction\",\"target\":{\"@type\":\"EntryPoint\",\"urlTemplate\":\"https:\/\/maditech-lock.de\/?s={search_term_string}\"},\"query-input\":{\"@type\":\"PropertyValueSpecification\",\"valueRequired\":true,\"valueName\":\"search_term_string\"}}],\"inLanguage\":\"en-US\"},{\"@type\":\"Organization\",\"@id\":\"https:\/\/maditech-lock.de\/#organization\",\"name\":\"Maditech\",\"url\":\"https:\/\/maditech-lock.de\/\",\"logo\":{\"@type\":\"ImageObject\",\"inLanguage\":\"en-US\",\"@id\":\"https:\/\/maditech-lock.de\/#\/schema\/logo\/image\/\",\"url\":\"https:\/\/maditech-lock.de\/wp-content\/uploads\/2025\/10\/Logo-Weiss-3-1.png\",\"contentUrl\":\"https:\/\/maditech-lock.de\/wp-content\/uploads\/2025\/10\/Logo-Weiss-3-1.png\",\"width\":883,\"height\":191,\"caption\":\"Maditech\"},\"image\":{\"@id\":\"https:\/\/maditech-lock.de\/#\/schema\/logo\/image\/\"}}]}<\/script>\n<!-- \/ Yoast SEO plugin. -->","yoast_head_json":{"title":"\u00dcber uns - Maditech","description":"\u00dcber uns - Ein gutes Fahrradschloss muss das Fahrrad vor Diebstahl sch\u00fctzen - Nachhaltigkeit","robots":{"index":"index","follow":"follow","max-snippet":"max-snippet:-1","max-image-preview":"max-image-preview:large","max-video-preview":"max-video-preview:-1"},"canonical":"https:\/\/maditech-lock.de\/en\/ueber-uns\/","og_locale":"en_US","og_type":"article","og_title":"\u00dcber uns - Maditech","og_description":"\u00dcber uns - Ein gutes Fahrradschloss muss das Fahrrad vor Diebstahl sch\u00fctzen - Nachhaltigkeit","og_url":"https:\/\/maditech-lock.de\/en\/ueber-uns\/","og_site_name":"Maditech","article_modified_time":"2025-10-19T22:50:50+00:00","twitter_card":"summary_large_image","twitter_misc":{"Est. reading time":"3 minutes"},"schema":{"@context":"https:\/\/schema.org","@graph":[{"@type":"WebPage","@id":"https:\/\/maditech-lock.de\/ueber-uns\/","url":"https:\/\/maditech-lock.de\/ueber-uns\/","name":"\u00dcber uns - Maditech","isPartOf":{"@id":"https:\/\/maditech-lock.de\/#website"},"datePublished":"2024-10-24T21:19:06+00:00","dateModified":"2025-10-19T22:50:50+00:00","description":"\u00dcber uns - Ein gutes Fahrradschloss muss das Fahrrad vor Diebstahl sch\u00fctzen - Nachhaltigkeit","breadcrumb":{"@id":"https:\/\/maditech-lock.de\/ueber-uns\/#breadcrumb"},"inLanguage":"en-US","potentialAction":[{"@type":"ReadAction","target":["https:\/\/maditech-lock.de\/ueber-uns\/"]}]},{"@type":"BreadcrumbList","@id":"https:\/\/maditech-lock.de\/ueber-uns\/#breadcrumb","itemListElement":[{"@type":"ListItem","position":1,"name":"Home","item":"https:\/\/maditech-lock.de\/"},{"@type":"ListItem","position":2,"name":"\u00dcber uns"}]},{"@type":"WebSite","@id":"https:\/\/maditech-lock.de\/#website","url":"https:\/\/maditech-lock.de\/","name":"Maditech","description":"THE NEW BIKE HANDLEBAR LOCK","publisher":{"@id":"https:\/\/maditech-lock.de\/#organization"},"potentialAction":[{"@type":"SearchAction","target":{"@type":"EntryPoint","urlTemplate":"https:\/\/maditech-lock.de\/?s={search_term_string}"},"query-input":{"@type":"PropertyValueSpecification","valueRequired":true,"valueName":"search_term_string"}}],"inLanguage":"en-US"},{"@type":"Organization","@id":"https:\/\/maditech-lock.de\/#organization","name":"Maditech","url":"https:\/\/maditech-lock.de\/","logo":{"@type":"ImageObject","inLanguage":"en-US","@id":"https:\/\/maditech-lock.de\/#\/schema\/logo\/image\/","url":"https:\/\/maditech-lock.de\/wp-content\/uploads\/2025\/10\/Logo-Weiss-3-1.png","contentUrl":"https:\/\/maditech-lock.de\/wp-content\/uploads\/2025\/10\/Logo-Weiss-3-1.png","width":883,"height":191,"caption":"Maditech"},"image":{"@id":"https:\/\/maditech-lock.de\/#\/schema\/logo\/image\/"}}]}},"uagb_featured_image_src":{"full":false,"thumbnail":false,"medium":false,"medium_large":false,"large":false,"1536x1536":false,"2048x2048":false,"trp-custom-language-flag":false},"uagb_author_info":{"display_name":"Administrator","author_link":"https:\/\/maditech-lock.de\/en\/author\/admin\/"},"uagb_comment_info":0,"uagb_excerpt":"\u00dcber uns MADITECH Fahrradlenkerschloss patentiert seit 2022 Im Einklang mit der zunehmenden Vorliebe vieler Menschen f\u00fcr das Fahrrad als sicheres, umweltfreundliches Verkehrsmittel bietet MADITECH Fahrradlenkerschloss die notwendige Sicherheitstechnologie f\u00fcr diese Radfahrer. Das MADITECH Fahrradlenkerschloss macht den Weg frei f\u00fcr eine Zukunft, in der jeder Mensch sein Fahrrad sorgenlos abstellen kann. MADITECH-Lock Fahrradlenkerschloss Warum MADITECH Lenkerschloss&hellip;","_links":{"self":[{"href":"https:\/\/maditech-lock.de\/en\/wp-json\/wp\/v2\/pages\/499","targetHints":{"allow":["GET"]}}],"collection":[{"href":"https:\/\/maditech-lock.de\/en\/wp-json\/wp\/v2\/pages"}],"about":[{"href":"https:\/\/maditech-lock.de\/en\/wp-json\/wp\/v2\/types\/page"}],"author":[{"embeddable":true,"href":"https:\/\/maditech-lock.de\/en\/wp-json\/wp\/v2\/users\/1"}],"replies":[{"embeddable":true,"href":"https:\/\/maditech-lock.de\/en\/wp-json\/wp\/v2\/comments?post=499"}],"version-history":[{"count":26,"href":"https:\/\/maditech-lock.de\/en\/wp-json\/wp\/v2\/pages\/499\/revisions"}],"predecessor-version":[{"id":14015,"href":"https:\/\/maditech-lock.de\/en\/wp-json\/wp\/v2\/pages\/499\/revisions\/14015"}],"wp:attachment":[{"href":"https:\/\/maditech-lock.de\/en\/wp-json\/wp\/v2\/media?parent=499"}],"curies":[{"name":"wp","href":"https:\/\/api.w.org\/{rel}","templated":true}]}}