{"id":3754,"date":"2024-11-06T22:57:48","date_gmt":"2024-11-06T22:57:48","guid":{"rendered":"https:\/\/maditech-lock.de\/?page_id=3754"},"modified":"2025-04-08T16:55:05","modified_gmt":"2025-04-08T16:55:05","slug":"impresum","status":"publish","type":"page","link":"https:\/\/maditech-lock.de\/en\/impresum\/","title":{"rendered":"Imprint"},"content":{"rendered":"<div class=\"wp-block-cover alignfull is-light\" style=\"min-height:360px;aspect-ratio:unset;\"><span aria-hidden=\"true\" class=\"wp-block-cover__background has-neve-link-color-background-color has-background-dim-80 has-background-dim\"><\/span><img decoding=\"async\" class=\"wp-block-cover__image-background wp-image-417\" alt=\"\" src=\"https:\/\/api.themeisle.com\/templates-data\/2021\/04\/ebf0233ced7259cf0838b7ba6d3aee07lwv6sbl4l2erjrjduz95\/images\/neve-patterns-18.jpg\" style=\"object-position:52% 36%\" data-object-fit=\"cover\" data-object-position=\"52% 36%\"\/><div class=\"wp-block-cover__inner-container is-layout-flow wp-block-cover-is-layout-flow\">\n<div style=\"height:100px\" aria-hidden=\"true\" class=\"wp-block-spacer\"><\/div>\n\n\n\n<h1 class=\"wp-block-heading has-text-align-center has-nv-text-dark-bg-color has-text-color\">Imprint<\/h1>\n\n\n\n<hr class=\"wp-block-separator has-text-color has-css-opacity has-background\" style=\"background-color:#ffffff;color:#ffffff\"\/>\n\n\n\n<div style=\"height:100px\" aria-hidden=\"true\" class=\"wp-block-spacer\"><\/div>\n<\/div><\/div>\n\n\n\n<div style=\"height:28px\" aria-hidden=\"true\" class=\"wp-block-spacer\"><\/div>\n\n\n\n<div class=\"wp-block-columns is-layout-flex wp-container-core-columns-is-layout-28f84493 wp-block-columns-is-layout-flex\">\n<div class=\"wp-block-column is-layout-flow wp-block-column-is-layout-flow\" style=\"flex-basis:100%\">\n<p>The following information applies in accordance with Art. 3(1) and (2) of Directive 2000\/31\/EC,\nSection 5 of the German Act on Digital Services (DDG) and Section 55 of the German Interstate\nBroadcasting Agreement (RStV) as well as for all social media sites and other websites.<\/p>\n\n\n\n<h3 class=\"wp-block-heading\">OPERATOR AND CONTACT<\/h3>\n\n\n\n<p>Maditech<br>Max-Josef-Metzger-Str. 15<br>79111 Freiburg<br>Germany<br>CEO Marinko Divkovic<br>E-Mail: info@maditech-lock.de<br>Web: www.maditech-lock.de<br>VAT registration number: DE452435639<\/p>\n<\/div>\n<\/div>\n\n\n\n<div style=\"height:8px\" aria-hidden=\"true\" class=\"wp-block-spacer\"><\/div>\n\n\n\n<div class=\"wp-block-cover alignfull is-light\"><span aria-hidden=\"true\" class=\"wp-block-cover__background has-nv-site-bg-background-color has-background-dim-100 has-background-dim\"><\/span><div class=\"wp-block-cover__inner-container is-layout-constrained wp-block-cover-is-layout-constrained\">\n<div style=\"height:5px\" aria-hidden=\"true\" class=\"wp-block-spacer\"><\/div>\n\n\n\n<h2 class=\"wp-block-heading has-text-align-center has-ast-global-color-2-color has-text-color\">DISCLAIMER<\/h2>\n\n\n\n<div style=\"margin-top:0;margin-bottom:0;height:8px\" aria-hidden=\"true\" class=\"wp-block-spacer\"><\/div>\n\n\n\n<p class=\"has-text-align-left has-ast-global-color-2-color has-text-color\">Copyright<\/p>\n\n\n\n<p class=\"has-text-align-left has-ast-global-color-2-color has-text-color\"><br>The content and works on our website are subject to copyright. Reproduction,<br>Adaptation, distribution and any kind of exploitation outside the borders of the<br>Copyright requires the written consent of the respective author or creator.<br>Downloads and copies of this site are only permitted with express permission.<\/p>\n\n\n\n<p class=\"has-text-align-left has-ast-global-color-2-color has-text-color\"><br>Liability for content<\/p>\n\n\n\n<p class=\"has-text-align-left has-ast-global-color-2-color has-text-color\"><br>The information contained on the website has been compiled to the best of our knowledge and belief<br>zusammengestellt und mit gro\u00dfer Sorgfalt auf ihre Richtigkeit \u00fcberpr\u00fcft. Trotzdem sind<br>Content and factual errors cannot be completely ruled out. Maditech therefore assumes no liability<br>keinerlei Garantie und Haftung f\u00fcr die Richtigkeit, Aktualit\u00e4t und Vollst\u00e4ndigkeit der<br>bereitgestellten Informationen. Alle Angaben sind ohne Gew\u00e4hr.<\/p>\n\n\n\n<p class=\"has-text-align-left has-ast-global-color-2-color has-text-color\"><br>References and links<\/p>\n\n\n\n<p class=\"has-text-align-left has-ast-global-color-2-color has-text-color\"><br>Our website contains links to external third-party websites over whose content we have no influence<br>Therefore, we cannot assume any liability for these external contents.<br>The contents of the linked pages are always the responsibility of the respective provider or operator of the pages<br>responsible.<\/p>\n\n\n\n<p class=\"has-text-align-left has-ast-global-color-2-color has-text-color\"><br>Online dispute resolution<\/p>\n\n\n\n<p class=\"has-text-align-left has-ast-global-color-2-color has-text-color\"><br>The European Commission provides a platform for online dispute resolution (OS),<br>which you can find at http:\/\/ec.europa.eu\/consumers\/odr\/. We are not prepared to participate in a<br>out-of-court arbitration proceedings before a consumer arbitration board<br>to participate.<\/p>\n\n\n\n<p class=\"has-text-align-left has-ast-global-color-2-color has-text-color\"><br>Objection to marketing emails<\/p>\n\n\n\n<p class=\"has-text-align-left has-ast-global-color-2-color has-text-color\"><br>We are obliged to publish our contact details and hereby object to any<br>Sending any kind of advertising material that has not been expressly authorized by us.<br>We reserve the right to take legal action against unwanted and<br>to initiate unsolicited sending of advertising material.<\/p>\n\n\n\n<p class=\"has-text-align-left has-ast-global-color-2-color has-text-color\"><br>Right to labeling <\/p>\n\n\n\n<p class=\"has-text-align-left has-ast-global-color-2-color has-text-color\">The following applies to the design of the website, the text, all graphics and photos, any selection<br>or any layout thereof: Copyright \u00a9 2024 Maditech. Copying or reproducing the<br>the entire website or parts of this website is not permitted. Any other use<br>of the materials or information available on this website \u2013 including the<br>Reproduction, redistribution, modification and publication \u2013 is prohibited,<br>unless Maditech has previously agreed to this in writing.<\/p>\n\n\n\n<p class=\"has-text-align-left has-ast-global-color-2-color has-text-color\"><br>Picture credits<\/p>\n\n\n\n<p class=\"has-text-align-left has-ast-global-color-2-color has-text-color\"><br>All images, graphics and video files are subject to copyright and other laws<br>to protect intellectual property. The images used on the website were purchased<br>acquired or made freely available.<\/p>\n\n\n\n<p class=\"has-text-align-left has-ast-global-color-2-color has-text-color\"><br>Valid as of<br>Monday, March 10, 2025<\/p>\n\n\n\n<div style=\"height:40px\" aria-hidden=\"true\" class=\"wp-block-spacer\"><\/div>\n\n\n\n<div class=\"wp-block-columns is-layout-flex wp-container-core-columns-is-layout-28f84493 wp-block-columns-is-layout-flex\">\n<div class=\"wp-block-column is-vertically-aligned-center is-layout-flow wp-block-column-is-layout-flow\">\n<div style=\"height:40px\" aria-hidden=\"true\" class=\"wp-block-spacer\"><\/div>\n<\/div>\n<\/div>\n<\/div><\/div>","protected":false},"excerpt":{"rendered":"<p>Die folgenden Informationen gelten gem\u00e4\u00df Art. 3(1) und (2) der Richtlinie 2000\/31\/EG, \u00a7 5 DDG und \u00a7 55 RStV sowie f\u00fcr alle Social-Media-Pr\u00e4senzen und andere Webpr\u00e4senzen. BETREIBER UND KONTAKT MaditechMax-Josef-Metzger-Str. 1579111 FreiburgDeutschlandGesch\u00e4ftsf\u00fchrer: Marinko DivkovicE-Mail: info@maditech-lock.deWeb: www.maditech-lock.deUst-Id Nr.: DE452435639<\/p>","protected":false},"author":1,"featured_media":0,"parent":0,"menu_order":0,"comment_status":"closed","ping_status":"closed","template":"","meta":{"_uag_custom_page_level_css":"","site-sidebar-layout":"default","site-content-layout":"","ast-site-content-layout":"default","site-content-style":"default","site-sidebar-style":"default","ast-global-header-display":"","ast-banner-title-visibility":"","ast-main-header-display":"","ast-hfb-above-header-display":"","ast-hfb-below-header-display":"","ast-hfb-mobile-header-display":"","site-post-title":"","ast-breadcrumbs-content":"","ast-featured-img":"","footer-sml-layout":"","theme-transparent-header-meta":"","adv-header-id-meta":"","stick-header-meta":"","header-above-stick-meta":"","header-main-stick-meta":"","header-below-stick-meta":"","astra-migrate-meta-layouts":"set","ast-page-background-enabled":"default","ast-page-background-meta":{"desktop":{"background-color":"var(--ast-global-color-4)","background-image":"","background-repeat":"repeat","background-position":"center center","background-size":"auto","background-attachment":"scroll","background-type":"","background-media":"","overlay-type":"","overlay-color":"","overlay-opacity":"","overlay-gradient":""},"tablet":{"background-color":"","background-image":"","background-repeat":"repeat","background-position":"center center","background-size":"auto","background-attachment":"scroll","background-type":"","background-media":"","overlay-type":"","overlay-color":"","overlay-opacity":"","overlay-gradient":""},"mobile":{"background-color":"","background-image":"","background-repeat":"repeat","background-position":"center center","background-size":"auto","background-attachment":"scroll","background-type":"","background-media":"","overlay-type":"","overlay-color":"","overlay-opacity":"","overlay-gradient":""}},"ast-content-background-meta":{"desktop":{"background-color":"var(--ast-global-color-5)","background-image":"","background-repeat":"repeat","background-position":"center center","background-size":"auto","background-attachment":"scroll","background-type":"","background-media":"","overlay-type":"","overlay-color":"","overlay-opacity":"","overlay-gradient":""},"tablet":{"background-color":"var(--ast-global-color-5)","background-image":"","background-repeat":"repeat","background-position":"center center","background-size":"auto","background-attachment":"scroll","background-type":"","background-media":"","overlay-type":"","overlay-color":"","overlay-opacity":"","overlay-gradient":""},"mobile":{"background-color":"var(--ast-global-color-5)","background-image":"","background-repeat":"repeat","background-position":"center center","background-size":"auto","background-attachment":"scroll","background-type":"","background-media":"","overlay-type":"","overlay-color":"","overlay-opacity":"","overlay-gradient":""}},"footnotes":""},"class_list":["post-3754","page","type-page","status-publish","hentry"],"yoast_head":"<!-- This site is optimized with the Yoast SEO plugin v26.1.1 - https:\/\/yoast.com\/wordpress\/plugins\/seo\/ -->\n<title>Impressum - Maditech<\/title>\n<meta name=\"robots\" content=\"index, follow, max-snippet:-1, max-image-preview:large, max-video-preview:-1\" \/>\n<link rel=\"canonical\" href=\"https:\/\/maditech-lock.de\/en\/impresum\/\" \/>\n<meta property=\"og:locale\" content=\"en_US\" \/>\n<meta property=\"og:type\" content=\"article\" \/>\n<meta property=\"og:title\" content=\"Impressum - Maditech\" \/>\n<meta property=\"og:description\" content=\"Die folgenden Informationen gelten gem\u00e4\u00df Art. 3(1) und (2) der Richtlinie 2000\/31\/EG, \u00a7 5 DDG und \u00a7 55 RStV sowie f\u00fcr alle Social-Media-Pr\u00e4senzen und andere Webpr\u00e4senzen. BETREIBER UND KONTAKT MaditechMax-Josef-Metzger-Str. 1579111 FreiburgDeutschlandGesch\u00e4ftsf\u00fchrer: Marinko DivkovicE-Mail: info@maditech-lock.deWeb: www.maditech-lock.deUst-Id Nr.: DE452435639\" \/>\n<meta property=\"og:url\" content=\"https:\/\/maditech-lock.de\/en\/impresum\/\" \/>\n<meta property=\"og:site_name\" content=\"Maditech\" \/>\n<meta property=\"article:modified_time\" content=\"2025-04-08T16:55:05+00:00\" \/>\n<meta name=\"twitter:card\" content=\"summary_large_image\" \/>\n<meta name=\"twitter:label1\" content=\"Est. reading time\" \/>\n\t<meta name=\"twitter:data1\" content=\"2 minutes\" \/>\n<script type=\"application\/ld+json\" class=\"yoast-schema-graph\">{\"@context\":\"https:\/\/schema.org\",\"@graph\":[{\"@type\":\"WebPage\",\"@id\":\"https:\/\/maditech-lock.de\/impresum\/\",\"url\":\"https:\/\/maditech-lock.de\/impresum\/\",\"name\":\"Impressum - Maditech\",\"isPartOf\":{\"@id\":\"https:\/\/maditech-lock.de\/#website\"},\"primaryImageOfPage\":{\"@id\":\"https:\/\/maditech-lock.de\/impresum\/#primaryimage\"},\"image\":{\"@id\":\"https:\/\/maditech-lock.de\/impresum\/#primaryimage\"},\"thumbnailUrl\":\"https:\/\/api.themeisle.com\/templates-data\/2021\/04\/ebf0233ced7259cf0838b7ba6d3aee07lwv6sbl4l2erjrjduz95\/images\/neve-patterns-18.jpg\",\"datePublished\":\"2024-11-06T22:57:48+00:00\",\"dateModified\":\"2025-04-08T16:55:05+00:00\",\"breadcrumb\":{\"@id\":\"https:\/\/maditech-lock.de\/impresum\/#breadcrumb\"},\"inLanguage\":\"en-US\",\"potentialAction\":[{\"@type\":\"ReadAction\",\"target\":[\"https:\/\/maditech-lock.de\/impresum\/\"]}]},{\"@type\":\"ImageObject\",\"inLanguage\":\"en-US\",\"@id\":\"https:\/\/maditech-lock.de\/impresum\/#primaryimage\",\"url\":\"https:\/\/api.themeisle.com\/templates-data\/2021\/04\/ebf0233ced7259cf0838b7ba6d3aee07lwv6sbl4l2erjrjduz95\/images\/neve-patterns-18.jpg\",\"contentUrl\":\"https:\/\/api.themeisle.com\/templates-data\/2021\/04\/ebf0233ced7259cf0838b7ba6d3aee07lwv6sbl4l2erjrjduz95\/images\/neve-patterns-18.jpg\"},{\"@type\":\"BreadcrumbList\",\"@id\":\"https:\/\/maditech-lock.de\/impresum\/#breadcrumb\",\"itemListElement\":[{\"@type\":\"ListItem\",\"position\":1,\"name\":\"Home\",\"item\":\"https:\/\/maditech-lock.de\/\"},{\"@type\":\"ListItem\",\"position\":2,\"name\":\"Impressum\"}]},{\"@type\":\"WebSite\",\"@id\":\"https:\/\/maditech-lock.de\/#website\",\"url\":\"https:\/\/maditech-lock.de\/\",\"name\":\"Maditech\",\"description\":\"DAS NEUE FAHRRAD LENKERSCHLOSS\",\"publisher\":{\"@id\":\"https:\/\/maditech-lock.de\/#organization\"},\"potentialAction\":[{\"@type\":\"SearchAction\",\"target\":{\"@type\":\"EntryPoint\",\"urlTemplate\":\"https:\/\/maditech-lock.de\/?s={search_term_string}\"},\"query-input\":{\"@type\":\"PropertyValueSpecification\",\"valueRequired\":true,\"valueName\":\"search_term_string\"}}],\"inLanguage\":\"en-US\"},{\"@type\":\"Organization\",\"@id\":\"https:\/\/maditech-lock.de\/#organization\",\"name\":\"Maditech\",\"url\":\"https:\/\/maditech-lock.de\/\",\"logo\":{\"@type\":\"ImageObject\",\"inLanguage\":\"en-US\",\"@id\":\"https:\/\/maditech-lock.de\/#\/schema\/logo\/image\/\",\"url\":\"https:\/\/maditech-lock.de\/wp-content\/uploads\/2025\/10\/Logo-Weiss-3-1.png\",\"contentUrl\":\"https:\/\/maditech-lock.de\/wp-content\/uploads\/2025\/10\/Logo-Weiss-3-1.png\",\"width\":883,\"height\":191,\"caption\":\"Maditech\"},\"image\":{\"@id\":\"https:\/\/maditech-lock.de\/#\/schema\/logo\/image\/\"}}]}<\/script>\n<!-- \/ Yoast SEO plugin. -->","yoast_head_json":{"title":"Impressum - Maditech","robots":{"index":"index","follow":"follow","max-snippet":"max-snippet:-1","max-image-preview":"max-image-preview:large","max-video-preview":"max-video-preview:-1"},"canonical":"https:\/\/maditech-lock.de\/en\/impresum\/","og_locale":"en_US","og_type":"article","og_title":"Impressum - Maditech","og_description":"Die folgenden Informationen gelten gem\u00e4\u00df Art. 3(1) und (2) der Richtlinie 2000\/31\/EG, \u00a7 5 DDG und \u00a7 55 RStV sowie f\u00fcr alle Social-Media-Pr\u00e4senzen und andere Webpr\u00e4senzen. BETREIBER UND KONTAKT MaditechMax-Josef-Metzger-Str. 1579111 FreiburgDeutschlandGesch\u00e4ftsf\u00fchrer: Marinko DivkovicE-Mail: info@maditech-lock.deWeb: www.maditech-lock.deUst-Id Nr.: DE452435639","og_url":"https:\/\/maditech-lock.de\/en\/impresum\/","og_site_name":"Maditech","article_modified_time":"2025-04-08T16:55:05+00:00","twitter_card":"summary_large_image","twitter_misc":{"Est. reading time":"2 minutes"},"schema":{"@context":"https:\/\/schema.org","@graph":[{"@type":"WebPage","@id":"https:\/\/maditech-lock.de\/impresum\/","url":"https:\/\/maditech-lock.de\/impresum\/","name":"Impressum - Maditech","isPartOf":{"@id":"https:\/\/maditech-lock.de\/#website"},"primaryImageOfPage":{"@id":"https:\/\/maditech-lock.de\/impresum\/#primaryimage"},"image":{"@id":"https:\/\/maditech-lock.de\/impresum\/#primaryimage"},"thumbnailUrl":"https:\/\/api.themeisle.com\/templates-data\/2021\/04\/ebf0233ced7259cf0838b7ba6d3aee07lwv6sbl4l2erjrjduz95\/images\/neve-patterns-18.jpg","datePublished":"2024-11-06T22:57:48+00:00","dateModified":"2025-04-08T16:55:05+00:00","breadcrumb":{"@id":"https:\/\/maditech-lock.de\/impresum\/#breadcrumb"},"inLanguage":"en-US","potentialAction":[{"@type":"ReadAction","target":["https:\/\/maditech-lock.de\/impresum\/"]}]},{"@type":"ImageObject","inLanguage":"en-US","@id":"https:\/\/maditech-lock.de\/impresum\/#primaryimage","url":"https:\/\/api.themeisle.com\/templates-data\/2021\/04\/ebf0233ced7259cf0838b7ba6d3aee07lwv6sbl4l2erjrjduz95\/images\/neve-patterns-18.jpg","contentUrl":"https:\/\/api.themeisle.com\/templates-data\/2021\/04\/ebf0233ced7259cf0838b7ba6d3aee07lwv6sbl4l2erjrjduz95\/images\/neve-patterns-18.jpg"},{"@type":"BreadcrumbList","@id":"https:\/\/maditech-lock.de\/impresum\/#breadcrumb","itemListElement":[{"@type":"ListItem","position":1,"name":"Home","item":"https:\/\/maditech-lock.de\/"},{"@type":"ListItem","position":2,"name":"Impressum"}]},{"@type":"WebSite","@id":"https:\/\/maditech-lock.de\/#website","url":"https:\/\/maditech-lock.de\/","name":"Maditech","description":"THE NEW BIKE HANDLEBAR LOCK","publisher":{"@id":"https:\/\/maditech-lock.de\/#organization"},"potentialAction":[{"@type":"SearchAction","target":{"@type":"EntryPoint","urlTemplate":"https:\/\/maditech-lock.de\/?s={search_term_string}"},"query-input":{"@type":"PropertyValueSpecification","valueRequired":true,"valueName":"search_term_string"}}],"inLanguage":"en-US"},{"@type":"Organization","@id":"https:\/\/maditech-lock.de\/#organization","name":"Maditech","url":"https:\/\/maditech-lock.de\/","logo":{"@type":"ImageObject","inLanguage":"en-US","@id":"https:\/\/maditech-lock.de\/#\/schema\/logo\/image\/","url":"https:\/\/maditech-lock.de\/wp-content\/uploads\/2025\/10\/Logo-Weiss-3-1.png","contentUrl":"https:\/\/maditech-lock.de\/wp-content\/uploads\/2025\/10\/Logo-Weiss-3-1.png","width":883,"height":191,"caption":"Maditech"},"image":{"@id":"https:\/\/maditech-lock.de\/#\/schema\/logo\/image\/"}}]}},"uagb_featured_image_src":{"full":false,"thumbnail":false,"medium":false,"medium_large":false,"large":false,"1536x1536":false,"2048x2048":false,"trp-custom-language-flag":false},"uagb_author_info":{"display_name":"Administrator","author_link":"https:\/\/maditech-lock.de\/en\/author\/admin\/"},"uagb_comment_info":0,"uagb_excerpt":"Die folgenden Informationen gelten gem\u00e4\u00df Art. 3(1) und (2) der Richtlinie 2000\/31\/EG, \u00a7 5 DDG und \u00a7 55 RStV sowie f\u00fcr alle Social-Media-Pr\u00e4senzen und andere Webpr\u00e4senzen. BETREIBER UND KONTAKT MaditechMax-Josef-Metzger-Str. 1579111 FreiburgDeutschlandGesch\u00e4ftsf\u00fchrer: Marinko DivkovicE-Mail: info@maditech-lock.deWeb: www.maditech-lock.deUst-Id Nr.: DE452435639","_links":{"self":[{"href":"https:\/\/maditech-lock.de\/en\/wp-json\/wp\/v2\/pages\/3754","targetHints":{"allow":["GET"]}}],"collection":[{"href":"https:\/\/maditech-lock.de\/en\/wp-json\/wp\/v2\/pages"}],"about":[{"href":"https:\/\/maditech-lock.de\/en\/wp-json\/wp\/v2\/types\/page"}],"author":[{"embeddable":true,"href":"https:\/\/maditech-lock.de\/en\/wp-json\/wp\/v2\/users\/1"}],"replies":[{"embeddable":true,"href":"https:\/\/maditech-lock.de\/en\/wp-json\/wp\/v2\/comments?post=3754"}],"version-history":[{"count":15,"href":"https:\/\/maditech-lock.de\/en\/wp-json\/wp\/v2\/pages\/3754\/revisions"}],"predecessor-version":[{"id":3953,"href":"https:\/\/maditech-lock.de\/en\/wp-json\/wp\/v2\/pages\/3754\/revisions\/3953"}],"wp:attachment":[{"href":"https:\/\/maditech-lock.de\/en\/wp-json\/wp\/v2\/media?parent=3754"}],"curies":[{"name":"wp","href":"https:\/\/api.w.org\/{rel}","templated":true}]}}